{"id":29,"date":"2023-01-10T18:34:33","date_gmt":"2023-01-10T17:34:33","guid":{"rendered":"https:\/\/prawdajestciekawa.pl\/?page_id=29"},"modified":"2026-02-18T16:06:43","modified_gmt":"2026-02-18T15:06:43","slug":"o-nas","status":"publish","type":"page","link":"https:\/\/prawdajestciekawa.pl\/?page_id=29","title":{"rendered":"O nas"},"content":{"rendered":"\n<p>Redaktor naczelny: <strong>Marta Morawiecka<\/strong><br>Sekretarz redakcji: <strong>Tomasz Bia\u0142aszczyk<\/strong><\/p>\n\n\n\n<p><strong>Autorzy:<\/strong> Artur Adamski, Andrzej Bafalukosz, Tomasz Bia\u0142aszczyk, Marek Bober, Piotr Che\u0142stowski, Ryszard Czarnecki, Micha\u0142 Drozdek, Piotr Gaglik, Grzegorz Gorczyca, Mieczys\u0142aw G\u00f3ra, Krystyna Jagoszewska, Mateusz Jerzma\u0144ski, Zbigniew Makarewicz, Adam Maksymowicz, Andrzej Manasterski, Agnieszka Marczak, Maria Morawiecka, Marta Morawiecka, Jerzy Pawlas, Aleksandra Polewska-Wianecka, Wojciech Rohatyn Popkiewicz, Stanis\u0142aw Srokowski, Beata Stragierowicz, Artur Waszkielewicz, Piotr Waszkielewicz, Waldemar \u017byszkiewicz.<\/p>\n\n\n\n<p><strong>Sk\u0142ad:<\/strong> Artur Waszkielewicz<\/p>\n\n\n\n<p><strong>e-mail:<\/strong> <a href=\"mailto:info@prawdajestciekawa.pl\">info@prawdajestciekawa.pl<\/a><\/p>\n\n\n\n<p><strong>Wydawca:<\/strong>&nbsp;Instytut Kornela Morawieckiego<\/p>\n\n\n\n<p><strong>Konto<\/strong>: 46 1090 2529 0000 0001 5664 1073<\/p>\n\n\n\n<p><strong>Wsparcie<\/strong>: na cele statutowe<\/p>\n","protected":false},"excerpt":{"rendered":"<p>Redaktor naczelny: Marta MorawieckaSekretarz redakcji: Tomasz Bia\u0142aszczyk Autorzy: Artur Adamski, Andrzej Bafalukosz, Tomasz Bia\u0142aszczyk, Marek Bober, Piotr Che\u0142stowski, Ryszard Czarnecki, Micha\u0142 Drozdek, Piotr Gaglik, Grzegorz Gorczyca, Mieczys\u0142aw G\u00f3ra, Krystyna Jagoszewska, Mateusz Jerzma\u0144ski, Zbigniew Makarewicz, Adam Maksymowicz, Andrzej Manasterski, Agnieszka Marczak, Maria Morawiecka, Marta Morawiecka, Jerzy Pawlas, Aleksandra Polewska-Wianecka, Wojciech Rohatyn Popkiewicz, Stanis\u0142aw Srokowski, Beata Stragierowicz,&hellip; <a class=\"more-link\" href=\"https:\/\/prawdajestciekawa.pl\/?page_id=29\">Czytaj dalej <span class=\"screen-reader-text\">O nas<\/span><\/a><\/p>\n","protected":false},"author":1,"featured_media":0,"parent":0,"menu_order":0,"comment_status":"closed","ping_status":"closed","template":"","meta":{"footnotes":""},"class_list":["post-29","page","type-page","status-publish","hentry","entry"],"_links":{"self":[{"href":"https:\/\/prawdajestciekawa.pl\/index.php?rest_route=\/wp\/v2\/pages\/29","targetHints":{"allow":["GET"]}}],"collection":[{"href":"https:\/\/prawdajestciekawa.pl\/index.php?rest_route=\/wp\/v2\/pages"}],"about":[{"href":"https:\/\/prawdajestciekawa.pl\/index.php?rest_route=\/wp\/v2\/types\/page"}],"author":[{"embeddable":true,"href":"https:\/\/prawdajestciekawa.pl\/index.php?rest_route=\/wp\/v2\/users\/1"}],"replies":[{"embeddable":true,"href":"https:\/\/prawdajestciekawa.pl\/index.php?rest_route=%2Fwp%2Fv2%2Fcomments&post=29"}],"version-history":[{"count":11,"href":"https:\/\/prawdajestciekawa.pl\/index.php?rest_route=\/wp\/v2\/pages\/29\/revisions"}],"predecessor-version":[{"id":5980,"href":"https:\/\/prawdajestciekawa.pl\/index.php?rest_route=\/wp\/v2\/pages\/29\/revisions\/5980"}],"wp:attachment":[{"href":"https:\/\/prawdajestciekawa.pl\/index.php?rest_route=%2Fwp%2Fv2%2Fmedia&parent=29"}],"curies":[{"name":"wp","href":"https:\/\/api.w.org\/{rel}","templated":true}]}}